{"id":353,"date":"2025-04-29T14:42:13","date_gmt":"2025-04-29T12:42:13","guid":{"rendered":"https:\/\/wp-ndc-dev.apps.cloudpub.testedev.istat.it\/?page_id=353"},"modified":"2026-02-18T17:02:09","modified_gmt":"2026-02-18T16:02:09","slug":"i-numeri-del-catalogo","status":"publish","type":"page","link":"https:\/\/wp-ndc-dev.apps.cloudpub.testedev.istat.it\/pt\/il-progetto\/i-numeri-del-catalogo\/","title":{"rendered":"N\u00fameros do cat\u00e1logo"},"content":{"rendered":"<p>Explore os dados de monitoriza\u00e7\u00e3o de recursos sem\u00e2nticos e as estat\u00edsticas de cat\u00e1logo.<br \/>\nOs dados s\u00e3o recolhidos a partir de 2023, utilizando a op\u00e7\u00e3o \u00abdesde o in\u00edcio\u00bb no menu de altera\u00e7\u00e3o de per\u00edodo de cada gr\u00e1fico.<\/p>","protected":false},"excerpt":{"rendered":"<p>Esplora i dati di monitoraggio delle risorse semantiche e le statistiche del catalogo. I dati vengono raccolti a partire dal 2023, utilizzando l'opzione 'dall'inizio' nel menu di modifica del periodo di ogni grafico.<\/p>","protected":false},"author":1,"featured_media":0,"parent":298,"menu_order":0,"comment_status":"closed","ping_status":"closed","template":"","meta":{"_acf_changed":false,"inline_featured_image":false,"footnotes":""},"class_list":["post-353","page","type-page","status-publish","hentry"],"acf":[],"_links":{"self":[{"href":"https:\/\/wp-ndc-dev.apps.cloudpub.testedev.istat.it\/pt\/wp-json\/wp\/v2\/pages\/353","targetHints":{"allow":["GET"]}}],"collection":[{"href":"https:\/\/wp-ndc-dev.apps.cloudpub.testedev.istat.it\/pt\/wp-json\/wp\/v2\/pages"}],"about":[{"href":"https:\/\/wp-ndc-dev.apps.cloudpub.testedev.istat.it\/pt\/wp-json\/wp\/v2\/types\/page"}],"author":[{"embeddable":true,"href":"https:\/\/wp-ndc-dev.apps.cloudpub.testedev.istat.it\/pt\/wp-json\/wp\/v2\/users\/1"}],"replies":[{"embeddable":true,"href":"https:\/\/wp-ndc-dev.apps.cloudpub.testedev.istat.it\/pt\/wp-json\/wp\/v2\/comments?post=353"}],"version-history":[{"count":5,"href":"https:\/\/wp-ndc-dev.apps.cloudpub.testedev.istat.it\/pt\/wp-json\/wp\/v2\/pages\/353\/revisions"}],"predecessor-version":[{"id":668,"href":"https:\/\/wp-ndc-dev.apps.cloudpub.testedev.istat.it\/pt\/wp-json\/wp\/v2\/pages\/353\/revisions\/668"}],"up":[{"embeddable":true,"href":"https:\/\/wp-ndc-dev.apps.cloudpub.testedev.istat.it\/pt\/wp-json\/wp\/v2\/pages\/298"}],"wp:attachment":[{"href":"https:\/\/wp-ndc-dev.apps.cloudpub.testedev.istat.it\/pt\/wp-json\/wp\/v2\/media?parent=353"}],"curies":[{"name":"wp","href":"https:\/\/api.w.org\/{rel}","templated":true}]}}