{"id":3,"date":"2023-08-27T17:54:48","date_gmt":"2023-08-27T15:54:48","guid":{"rendered":"https:\/\/wp-ndc-dev.apps.cloudpub.testedev.istat.it\/?page_id=3"},"modified":"2026-01-20T10:39:05","modified_gmt":"2026-01-20T09:39:05","slug":"informativa-privacy","status":"publish","type":"page","link":"https:\/\/wp-ndc-dev.apps.cloudpub.testedev.istat.it\/pt\/informativa-privacy\/","title":{"rendered":"Informa\u00e7\u00f5es sobre o tratamento de dados pessoais"},"content":{"rendered":"<p>As informa\u00e7\u00f5es constantes desta p\u00e1gina s\u00e3o fornecidas em conformidade com o artigo 13.o do Regulamento (UE) 2016\/679 (a seguir designado por \u00abRegulamento\u00bb) e destinam-se a descrever a forma como s\u00e3o tratados os dados pessoais dos utilizadores que consultam o s\u00edtio Web www.schema.gov.it.<br \/>\nAs seguintes informa\u00e7\u00f5es n\u00e3o dizem respeito a outros sites, p\u00e1ginas ou servi\u00e7os online acess\u00edveis atrav\u00e9s de hiperliga\u00e7\u00f5es publicadas aqui, mas referem-se a recursos externos a este site.<\/p>","protected":false},"excerpt":{"rendered":"<p>Le informazioni contenute nella presente pagina sono rese ai sensi dell\u2019art. 13 del Regolamento (UE) 2016\/679 (di seguito Regolamento) e hanno l\u2019obiettivo di descrivere le modalit\u00e0 di trattamento dei dati personali degli utenti che consultano il sito www.schema.gov.it. Le informazioni che seguono non riguardano altri siti, pagine o servizi online raggiungibili tramite link ipertestuali qui [&hellip;]<\/p>","protected":false},"author":1,"featured_media":0,"parent":0,"menu_order":0,"comment_status":"closed","ping_status":"closed","template":"","meta":{"_acf_changed":false,"inline_featured_image":false,"footnotes":""},"class_list":["post-3","page","type-page","status-publish","hentry"],"acf":[],"_links":{"self":[{"href":"https:\/\/wp-ndc-dev.apps.cloudpub.testedev.istat.it\/pt\/wp-json\/wp\/v2\/pages\/3","targetHints":{"allow":["GET"]}}],"collection":[{"href":"https:\/\/wp-ndc-dev.apps.cloudpub.testedev.istat.it\/pt\/wp-json\/wp\/v2\/pages"}],"about":[{"href":"https:\/\/wp-ndc-dev.apps.cloudpub.testedev.istat.it\/pt\/wp-json\/wp\/v2\/types\/page"}],"author":[{"embeddable":true,"href":"https:\/\/wp-ndc-dev.apps.cloudpub.testedev.istat.it\/pt\/wp-json\/wp\/v2\/users\/1"}],"replies":[{"embeddable":true,"href":"https:\/\/wp-ndc-dev.apps.cloudpub.testedev.istat.it\/pt\/wp-json\/wp\/v2\/comments?post=3"}],"version-history":[{"count":9,"href":"https:\/\/wp-ndc-dev.apps.cloudpub.testedev.istat.it\/pt\/wp-json\/wp\/v2\/pages\/3\/revisions"}],"predecessor-version":[{"id":645,"href":"https:\/\/wp-ndc-dev.apps.cloudpub.testedev.istat.it\/pt\/wp-json\/wp\/v2\/pages\/3\/revisions\/645"}],"wp:attachment":[{"href":"https:\/\/wp-ndc-dev.apps.cloudpub.testedev.istat.it\/pt\/wp-json\/wp\/v2\/media?parent=3"}],"curies":[{"name":"wp","href":"https:\/\/api.w.org\/{rel}","templated":true}]}}