{"id":298,"date":"2025-03-28T15:55:51","date_gmt":"2025-03-28T14:55:51","guid":{"rendered":"https:\/\/wp-ndc-dev.apps.cloudpub.testedev.istat.it\/?page_id=298"},"modified":"2025-12-23T12:23:09","modified_gmt":"2025-12-23T11:23:09","slug":"il-progetto","status":"publish","type":"page","link":"https:\/\/wp-ndc-dev.apps.cloudpub.testedev.istat.it\/pt\/il-progetto\/","title":{"rendered":"O projeto"},"content":{"rendered":"<p>Ponto de refer\u00eancia para permitir a interoperabilidade sem\u00e2ntica no interc\u00e2mbio de dados entre entidades que utilizam modelos de dados partilhados<\/p>","protected":false},"excerpt":{"rendered":"<p>Ponto de refer\u00eancia para permitir a interoperabilidade sem\u00e2ntica no interc\u00e2mbio de dados entre entidades que utilizam modelos de dados partilhados<\/p>","protected":false},"author":1,"featured_media":0,"parent":0,"menu_order":0,"comment_status":"closed","ping_status":"closed","template":"","meta":{"_acf_changed":false,"inline_featured_image":false,"footnotes":""},"class_list":["post-298","page","type-page","status-publish","hentry"],"acf":[],"_links":{"self":[{"href":"https:\/\/wp-ndc-dev.apps.cloudpub.testedev.istat.it\/pt\/wp-json\/wp\/v2\/pages\/298","targetHints":{"allow":["GET"]}}],"collection":[{"href":"https:\/\/wp-ndc-dev.apps.cloudpub.testedev.istat.it\/pt\/wp-json\/wp\/v2\/pages"}],"about":[{"href":"https:\/\/wp-ndc-dev.apps.cloudpub.testedev.istat.it\/pt\/wp-json\/wp\/v2\/types\/page"}],"author":[{"embeddable":true,"href":"https:\/\/wp-ndc-dev.apps.cloudpub.testedev.istat.it\/pt\/wp-json\/wp\/v2\/users\/1"}],"replies":[{"embeddable":true,"href":"https:\/\/wp-ndc-dev.apps.cloudpub.testedev.istat.it\/pt\/wp-json\/wp\/v2\/comments?post=298"}],"version-history":[{"count":16,"href":"https:\/\/wp-ndc-dev.apps.cloudpub.testedev.istat.it\/pt\/wp-json\/wp\/v2\/pages\/298\/revisions"}],"predecessor-version":[{"id":631,"href":"https:\/\/wp-ndc-dev.apps.cloudpub.testedev.istat.it\/pt\/wp-json\/wp\/v2\/pages\/298\/revisions\/631"}],"wp:attachment":[{"href":"https:\/\/wp-ndc-dev.apps.cloudpub.testedev.istat.it\/pt\/wp-json\/wp\/v2\/media?parent=298"}],"curies":[{"name":"wp","href":"https:\/\/api.w.org\/{rel}","templated":true}]}}