{"id":217,"date":"2025-03-19T15:36:28","date_gmt":"2025-03-19T14:36:28","guid":{"rendered":"https:\/\/wp-ndc-dev.apps.cloudpub.testedev.istat.it\/?page_id=217"},"modified":"2025-07-04T12:15:08","modified_gmt":"2025-07-04T10:15:08","slug":"formazione","status":"publish","type":"page","link":"https:\/\/wp-ndc-dev.apps.cloudpub.testedev.istat.it\/pt\/formazione\/","title":{"rendered":"Forma\u00e7\u00e3o"},"content":{"rendered":"<p>Recursos para compreender como contribuir para o cat\u00e1logo, representar dados e desenvolver APIs semanticamente interoper\u00e1veis<\/p>","protected":false},"excerpt":{"rendered":"<p>Recursos para compreender como contribuir para o cat\u00e1logo, representar dados e desenvolver APIs semanticamente interoper\u00e1veis<\/p>","protected":false},"author":1,"featured_media":0,"parent":0,"menu_order":0,"comment_status":"closed","ping_status":"closed","template":"","meta":{"_acf_changed":false,"inline_featured_image":false,"footnotes":""},"class_list":["post-217","page","type-page","status-publish","hentry"],"acf":[],"_links":{"self":[{"href":"https:\/\/wp-ndc-dev.apps.cloudpub.testedev.istat.it\/pt\/wp-json\/wp\/v2\/pages\/217","targetHints":{"allow":["GET"]}}],"collection":[{"href":"https:\/\/wp-ndc-dev.apps.cloudpub.testedev.istat.it\/pt\/wp-json\/wp\/v2\/pages"}],"about":[{"href":"https:\/\/wp-ndc-dev.apps.cloudpub.testedev.istat.it\/pt\/wp-json\/wp\/v2\/types\/page"}],"author":[{"embeddable":true,"href":"https:\/\/wp-ndc-dev.apps.cloudpub.testedev.istat.it\/pt\/wp-json\/wp\/v2\/users\/1"}],"replies":[{"embeddable":true,"href":"https:\/\/wp-ndc-dev.apps.cloudpub.testedev.istat.it\/pt\/wp-json\/wp\/v2\/comments?post=217"}],"version-history":[{"count":8,"href":"https:\/\/wp-ndc-dev.apps.cloudpub.testedev.istat.it\/pt\/wp-json\/wp\/v2\/pages\/217\/revisions"}],"predecessor-version":[{"id":384,"href":"https:\/\/wp-ndc-dev.apps.cloudpub.testedev.istat.it\/pt\/wp-json\/wp\/v2\/pages\/217\/revisions\/384"}],"wp:attachment":[{"href":"https:\/\/wp-ndc-dev.apps.cloudpub.testedev.istat.it\/pt\/wp-json\/wp\/v2\/media?parent=217"}],"curies":[{"name":"wp","href":"https:\/\/api.w.org\/{rel}","templated":true}]}}