{"id":712,"date":"2026-03-04T15:25:43","date_gmt":"2026-03-04T14:25:43","guid":{"rendered":"https:\/\/wp-ndc-dev.apps.cloudpub.testedev.istat.it\/?page_id=712"},"modified":"2026-03-06T18:36:26","modified_gmt":"2026-03-06T17:36:26","slug":"sparql","status":"publish","type":"page","link":"https:\/\/wp-ndc-dev.apps.cloudpub.testedev.istat.it\/fr\/sparql\/","title":{"rendered":"SPARQL"},"content":{"rendered":"<p>Cet outil vous permet d'explorer le triple magasin du catalogue national de donn\u00e9es via des requ\u00eates SPARQL. Vous pouvez consulter les ontologies, les vocabulaires contr\u00f4l\u00e9s, les classes, les propri\u00e9t\u00e9s et les m\u00e9tadonn\u00e9es dans les graphiques RDF du catalogue. <\/p>","protected":false},"excerpt":{"rendered":"<p>Cet outil vous permet d'explorer le triple magasin du catalogue national de donn\u00e9es via des requ\u00eates SPARQL. Vous pouvez consulter les ontologies, les vocabulaires contr\u00f4l\u00e9s, les classes, les propri\u00e9t\u00e9s et les m\u00e9tadonn\u00e9es dans les graphiques RDF du catalogue.<\/p>","protected":false},"author":1,"featured_media":0,"parent":0,"menu_order":0,"comment_status":"closed","ping_status":"closed","template":"","meta":{"_acf_changed":false,"inline_featured_image":false,"footnotes":""},"class_list":["post-712","page","type-page","status-publish","hentry"],"acf":[],"_links":{"self":[{"href":"https:\/\/wp-ndc-dev.apps.cloudpub.testedev.istat.it\/fr\/wp-json\/wp\/v2\/pages\/712","targetHints":{"allow":["GET"]}}],"collection":[{"href":"https:\/\/wp-ndc-dev.apps.cloudpub.testedev.istat.it\/fr\/wp-json\/wp\/v2\/pages"}],"about":[{"href":"https:\/\/wp-ndc-dev.apps.cloudpub.testedev.istat.it\/fr\/wp-json\/wp\/v2\/types\/page"}],"author":[{"embeddable":true,"href":"https:\/\/wp-ndc-dev.apps.cloudpub.testedev.istat.it\/fr\/wp-json\/wp\/v2\/users\/1"}],"replies":[{"embeddable":true,"href":"https:\/\/wp-ndc-dev.apps.cloudpub.testedev.istat.it\/fr\/wp-json\/wp\/v2\/comments?post=712"}],"version-history":[{"count":4,"href":"https:\/\/wp-ndc-dev.apps.cloudpub.testedev.istat.it\/fr\/wp-json\/wp\/v2\/pages\/712\/revisions"}],"predecessor-version":[{"id":722,"href":"https:\/\/wp-ndc-dev.apps.cloudpub.testedev.istat.it\/fr\/wp-json\/wp\/v2\/pages\/712\/revisions\/722"}],"wp:attachment":[{"href":"https:\/\/wp-ndc-dev.apps.cloudpub.testedev.istat.it\/fr\/wp-json\/wp\/v2\/media?parent=712"}],"curies":[{"name":"wp","href":"https:\/\/api.w.org\/{rel}","templated":true}]}}