{"id":3,"date":"2023-08-27T17:54:48","date_gmt":"2023-08-27T15:54:48","guid":{"rendered":"https:\/\/wp-ndc-dev.apps.cloudpub.testedev.istat.it\/?page_id=3"},"modified":"2026-01-20T10:39:05","modified_gmt":"2026-01-20T09:39:05","slug":"informativa-privacy","status":"publish","type":"page","link":"https:\/\/wp-ndc-dev.apps.cloudpub.testedev.istat.it\/fr\/informativa-privacy\/","title":{"rendered":"Informations sur le traitement des donn\u00e9es \u00e0 caract\u00e8re personnel"},"content":{"rendered":"<p>Les informations figurant sur cette page sont fournies conform\u00e9ment \u00e0 l\u2019article 13 du r\u00e8glement (UE) 2016\/679 (ci-apr\u00e8s le \u00abr\u00e8glement\u00bb) et visent \u00e0 d\u00e9crire la mani\u00e8re dont les donn\u00e9es \u00e0 caract\u00e8re personnel des utilisateurs qui consultent le site web www.schema.gov.it sont trait\u00e9es.<br \/>\nLes informations suivantes ne concernent pas d'autres sites, pages ou services en ligne accessibles via des hyperliens publi\u00e9s ici, mais se r\u00e9f\u00e9rant \u00e0 des ressources externes \u00e0 ce site.<\/p>","protected":false},"excerpt":{"rendered":"<p>Le informazioni contenute nella presente pagina sono rese ai sensi dell\u2019art. 13 del Regolamento (UE) 2016\/679 (di seguito Regolamento) e hanno l\u2019obiettivo di descrivere le modalit\u00e0 di trattamento dei dati personali degli utenti che consultano il sito www.schema.gov.it. Le informazioni che seguono non riguardano altri siti, pagine o servizi online raggiungibili tramite link ipertestuali qui [&hellip;]<\/p>","protected":false},"author":1,"featured_media":0,"parent":0,"menu_order":0,"comment_status":"closed","ping_status":"closed","template":"","meta":{"_acf_changed":false,"inline_featured_image":false,"footnotes":""},"class_list":["post-3","page","type-page","status-publish","hentry"],"acf":[],"_links":{"self":[{"href":"https:\/\/wp-ndc-dev.apps.cloudpub.testedev.istat.it\/fr\/wp-json\/wp\/v2\/pages\/3","targetHints":{"allow":["GET"]}}],"collection":[{"href":"https:\/\/wp-ndc-dev.apps.cloudpub.testedev.istat.it\/fr\/wp-json\/wp\/v2\/pages"}],"about":[{"href":"https:\/\/wp-ndc-dev.apps.cloudpub.testedev.istat.it\/fr\/wp-json\/wp\/v2\/types\/page"}],"author":[{"embeddable":true,"href":"https:\/\/wp-ndc-dev.apps.cloudpub.testedev.istat.it\/fr\/wp-json\/wp\/v2\/users\/1"}],"replies":[{"embeddable":true,"href":"https:\/\/wp-ndc-dev.apps.cloudpub.testedev.istat.it\/fr\/wp-json\/wp\/v2\/comments?post=3"}],"version-history":[{"count":9,"href":"https:\/\/wp-ndc-dev.apps.cloudpub.testedev.istat.it\/fr\/wp-json\/wp\/v2\/pages\/3\/revisions"}],"predecessor-version":[{"id":645,"href":"https:\/\/wp-ndc-dev.apps.cloudpub.testedev.istat.it\/fr\/wp-json\/wp\/v2\/pages\/3\/revisions\/645"}],"wp:attachment":[{"href":"https:\/\/wp-ndc-dev.apps.cloudpub.testedev.istat.it\/fr\/wp-json\/wp\/v2\/media?parent=3"}],"curies":[{"name":"wp","href":"https:\/\/api.w.org\/{rel}","templated":true}]}}