{"id":3,"date":"2023-08-27T17:54:48","date_gmt":"2023-08-27T15:54:48","guid":{"rendered":"https:\/\/wp-ndc-dev.apps.cloudpub.testedev.istat.it\/?page_id=3"},"modified":"2026-01-20T10:39:05","modified_gmt":"2026-01-20T09:39:05","slug":"informativa-privacy","status":"publish","type":"page","link":"https:\/\/wp-ndc-dev.apps.cloudpub.testedev.istat.it\/es\/informativa-privacy\/","title":{"rendered":"Informaci\u00f3n sobre el tratamiento de datos personales"},"content":{"rendered":"<p>La informaci\u00f3n de esta p\u00e1gina se proporciona de conformidad con el art\u00edculo 13 del Reglamento (UE) 2016\/679 (en lo sucesivo, \u00abel Reglamento\u00bb) y tiene por objeto describir c\u00f3mo se tratan los datos personales de los usuarios que consultan el sitio web www.schema.gov.it.<br \/>\nLa siguiente informaci\u00f3n no se refiere a otros sitios, p\u00e1ginas o servicios en l\u00ednea accesibles a trav\u00e9s de hiperv\u00ednculos publicados aqu\u00ed, sino que se refiere a recursos externos a este sitio.<\/p>","protected":false},"excerpt":{"rendered":"<p>Le informazioni contenute nella presente pagina sono rese ai sensi dell\u2019art. 13 del Regolamento (UE) 2016\/679 (di seguito Regolamento) e hanno l\u2019obiettivo di descrivere le modalit\u00e0 di trattamento dei dati personali degli utenti che consultano il sito www.schema.gov.it. Le informazioni che seguono non riguardano altri siti, pagine o servizi online raggiungibili tramite link ipertestuali qui [&hellip;]<\/p>","protected":false},"author":1,"featured_media":0,"parent":0,"menu_order":0,"comment_status":"closed","ping_status":"closed","template":"","meta":{"_acf_changed":false,"inline_featured_image":false,"footnotes":""},"class_list":["post-3","page","type-page","status-publish","hentry"],"acf":[],"_links":{"self":[{"href":"https:\/\/wp-ndc-dev.apps.cloudpub.testedev.istat.it\/es\/wp-json\/wp\/v2\/pages\/3","targetHints":{"allow":["GET"]}}],"collection":[{"href":"https:\/\/wp-ndc-dev.apps.cloudpub.testedev.istat.it\/es\/wp-json\/wp\/v2\/pages"}],"about":[{"href":"https:\/\/wp-ndc-dev.apps.cloudpub.testedev.istat.it\/es\/wp-json\/wp\/v2\/types\/page"}],"author":[{"embeddable":true,"href":"https:\/\/wp-ndc-dev.apps.cloudpub.testedev.istat.it\/es\/wp-json\/wp\/v2\/users\/1"}],"replies":[{"embeddable":true,"href":"https:\/\/wp-ndc-dev.apps.cloudpub.testedev.istat.it\/es\/wp-json\/wp\/v2\/comments?post=3"}],"version-history":[{"count":9,"href":"https:\/\/wp-ndc-dev.apps.cloudpub.testedev.istat.it\/es\/wp-json\/wp\/v2\/pages\/3\/revisions"}],"predecessor-version":[{"id":645,"href":"https:\/\/wp-ndc-dev.apps.cloudpub.testedev.istat.it\/es\/wp-json\/wp\/v2\/pages\/3\/revisions\/645"}],"wp:attachment":[{"href":"https:\/\/wp-ndc-dev.apps.cloudpub.testedev.istat.it\/es\/wp-json\/wp\/v2\/media?parent=3"}],"curies":[{"name":"wp","href":"https:\/\/api.w.org\/{rel}","templated":true}]}}