{"id":283,"date":"2025-03-28T14:48:47","date_gmt":"2025-03-28T13:48:47","guid":{"rendered":"https:\/\/wp-ndc-dev.apps.cloudpub.testedev.istat.it\/?page_id=283"},"modified":"2026-03-30T16:56:45","modified_gmt":"2026-03-30T14:56:45","slug":"come-contribuire","status":"publish","type":"page","link":"https:\/\/wp-ndc-dev.apps.cloudpub.testedev.istat.it\/es\/come-contribuire\/","title":{"rendered":"C\u00f3mo contribuir"},"content":{"rendered":"<p>Orientaci\u00f3n pr\u00e1ctica que le ayuda a entender c\u00f3mo utilizar y contribuir al cat\u00e1logo.<\/p>","protected":false},"excerpt":{"rendered":"<p>Orientaci\u00f3n pr\u00e1ctica que le ayuda a entender c\u00f3mo utilizar y contribuir al cat\u00e1logo.<\/p>","protected":false},"author":1,"featured_media":0,"parent":0,"menu_order":0,"comment_status":"closed","ping_status":"closed","template":"","meta":{"_acf_changed":false,"inline_featured_image":false,"footnotes":""},"class_list":["post-283","page","type-page","status-publish","hentry"],"acf":[],"_links":{"self":[{"href":"https:\/\/wp-ndc-dev.apps.cloudpub.testedev.istat.it\/es\/wp-json\/wp\/v2\/pages\/283","targetHints":{"allow":["GET"]}}],"collection":[{"href":"https:\/\/wp-ndc-dev.apps.cloudpub.testedev.istat.it\/es\/wp-json\/wp\/v2\/pages"}],"about":[{"href":"https:\/\/wp-ndc-dev.apps.cloudpub.testedev.istat.it\/es\/wp-json\/wp\/v2\/types\/page"}],"author":[{"embeddable":true,"href":"https:\/\/wp-ndc-dev.apps.cloudpub.testedev.istat.it\/es\/wp-json\/wp\/v2\/users\/1"}],"replies":[{"embeddable":true,"href":"https:\/\/wp-ndc-dev.apps.cloudpub.testedev.istat.it\/es\/wp-json\/wp\/v2\/comments?post=283"}],"version-history":[{"count":13,"href":"https:\/\/wp-ndc-dev.apps.cloudpub.testedev.istat.it\/es\/wp-json\/wp\/v2\/pages\/283\/revisions"}],"predecessor-version":[{"id":734,"href":"https:\/\/wp-ndc-dev.apps.cloudpub.testedev.istat.it\/es\/wp-json\/wp\/v2\/pages\/283\/revisions\/734"}],"wp:attachment":[{"href":"https:\/\/wp-ndc-dev.apps.cloudpub.testedev.istat.it\/es\/wp-json\/wp\/v2\/media?parent=283"}],"curies":[{"name":"wp","href":"https:\/\/api.w.org\/{rel}","templated":true}]}}